{"id":16,"date":"2013-01-16T12:55:09","date_gmt":"2013-01-16T10:55:09","guid":{"rendered":"https:\/\/www.nemalici.biz\/?page_id=16"},"modified":"2020-01-06T12:57:29","modified_gmt":"2020-01-06T09:57:29","slug":"16-2","status":"publish","type":"page","link":"https:\/\/www.nemalici.biz\/?page_id=16","title":{"rendered":"Bize Ula\u015f\u0131n"},"content":{"rendered":"<h4><strong><a href=\"http:\/\/www.kimted.net\/\">Kimted Kimyevi Maddeler ve T\u0131bbi Malzemeler Sanayi ve<\/a>&nbsp;<a href=\"http:\/\/www.kimted.net\/\">Ticaret Limited \u015eirketi<\/a><\/strong><\/h4>\n<h5 style=\"text-align: left;\">K\u0131s\u0131kl\u0131 Mah. Ferah Cad. Yusuf Kemal Sok.<br \/>\nNo:18\/A<br \/>\n\u00dcSK\u00dcDAR\/\u0130STANBUL<\/h5>\n<p class=\"hiddenspellerror\"><strong style=\"color: #333333; font-style: normal; line-height: 24px;\"><a title=\"Kimted Ltd \u015eti.\" href=\"http:\/\/www.kimted.net\" target=\"_blank\" rel=\"noopener noreferrer\">www.kimted.net &nbsp; &#8211; &nbsp;<\/a><a title=\"Kimted Ltd \u015eti.\" href=\"http:\/\/www.kimted.com\" target=\"_blank\" rel=\"noopener noreferrer\">www.kimted.com<\/a><br \/>\n<a title=\"Kimted Ltd \u015eti.\" href=\"http:\/\/www.silikajel.net\" target=\"_blank\" rel=\"noopener noreferrer\">www.silikajel.net<\/a>&nbsp; &#8211; &nbsp;<a title=\"Kimted Ltd \u015eti.\" href=\"https:\/\/www.nemalici.biz\" target=\"_blank\" rel=\"noopener noreferrer\">www.nemalici.biz<\/a><\/strong><\/p>\n<p class=\"hiddenspellerror\">\n<p>Gsm: 0 536 445 42 76 &#8211; &nbsp;Bayram \u00c7EVRE<br \/>\nTel : 0 216 344 43 60 &nbsp; Fax: 0 216 328 95 92<\/p>\n<p>E.Mail:&nbsp;(MSN)&nbsp;<a title=\"e.posta g\u00f6ndermek i\u00e7in t\u0131klay\u0131n\u0131z...\" href=\"mailto:kimted@kimted.com\" target=\"_blank\" rel=\"noopener noreferrer\">kimted@kimted.com<br \/>\n<\/a> <a title=\"e.posta g\u00f6ndermek i\u00e7in t\u0131klay\u0131n\u0131z...\" href=\"mailto:kimted@kimted.com\" target=\"_blank\" rel=\"noopener noreferrer\">bayramcevre@hotmail.com<\/a><\/p>\n<p><iframe loading=\"lazy\" src=\"https:\/\/maps.google.com\/maps\/ms?msa=0&amp;msid=202359424642205637513.0004c4274f56050177a02&amp;hl=tr&amp;ie=UTF8&amp;t=h&amp;ll=41.027256,29.076948&amp;spn=0.002833,0.00456&amp;z=17&amp;output=embed\" width=\"425\" height=\"350\" frameborder=\"0\" marginwidth=\"0\" marginheight=\"0\" scrolling=\"no\"><\/iframe><\/p>\n<p><small>\u015eunu daha b\u00fcy\u00fck bir haritada g\u00f6r\u00fcnt\u00fcle: <a style=\"color: #0000ff; text-align: left;\" href=\"https:\/\/maps.google.com\/maps\/ms?msa=0&amp;msid=202359424642205637513.0004c4274f56050177a02&amp;hl=tr&amp;ie=UTF8&amp;t=h&amp;ll=41.027256,29.076948&amp;spn=0.002833,0.00456&amp;z=17&amp;source=embed\">Kimted &#8211; 0 216 344 43 60<\/a><\/small><\/p>\n","protected":false},"excerpt":{"rendered":"<p>Kimted Kimyevi Maddeler ve T\u0131bbi Malzemeler Sanayi ve&nbsp;Ticaret Limited \u015eirketi K\u0131s\u0131kl\u0131 Mah. Ferah Cad. Yusuf Kemal Sok. No:18\/A \u00dcSK\u00dcDAR\/\u0130STANBUL www.kimted.net &nbsp; &#8211; &nbsp;www.kimted.com www.silikajel.net&nbsp; &#8211; &nbsp;www.nemalici.biz Gsm: 0 536 445<a href=\"https:\/\/www.nemalici.biz\/?page_id=16\" class=\"d-block breadmore\">Read More<\/a><\/p>\n","protected":false},"author":1,"featured_media":0,"parent":0,"menu_order":0,"comment_status":"open","ping_status":"open","template":"","meta":{"_monsterinsights_skip_tracking":false,"_monsterinsights_sitenote_active":false,"_monsterinsights_sitenote_note":"","_monsterinsights_sitenote_category":0,"footnotes":""},"class_list":["post-16","page","type-page","status-publish","hentry"],"aioseo_notices":[],"jetpack_sharing_enabled":true,"_links":{"self":[{"href":"https:\/\/www.nemalici.biz\/index.php?rest_route=\/wp\/v2\/pages\/16","targetHints":{"allow":["GET"]}}],"collection":[{"href":"https:\/\/www.nemalici.biz\/index.php?rest_route=\/wp\/v2\/pages"}],"about":[{"href":"https:\/\/www.nemalici.biz\/index.php?rest_route=\/wp\/v2\/types\/page"}],"author":[{"embeddable":true,"href":"https:\/\/www.nemalici.biz\/index.php?rest_route=\/wp\/v2\/users\/1"}],"replies":[{"embeddable":true,"href":"https:\/\/www.nemalici.biz\/index.php?rest_route=%2Fwp%2Fv2%2Fcomments&post=16"}],"version-history":[{"count":5,"href":"https:\/\/www.nemalici.biz\/index.php?rest_route=\/wp\/v2\/pages\/16\/revisions"}],"predecessor-version":[{"id":220,"href":"https:\/\/www.nemalici.biz\/index.php?rest_route=\/wp\/v2\/pages\/16\/revisions\/220"}],"wp:attachment":[{"href":"https:\/\/www.nemalici.biz\/index.php?rest_route=%2Fwp%2Fv2%2Fmedia&parent=16"}],"curies":[{"name":"wp","href":"https:\/\/api.w.org\/{rel}","templated":true}]}}