{"id":40,"date":"2013-01-17T19:57:43","date_gmt":"2013-01-17T17:57:43","guid":{"rendered":"https:\/\/www.nemalici.biz\/?page_id=40"},"modified":"2013-01-17T19:57:43","modified_gmt":"2013-01-17T17:57:43","slug":"silica-gel-nedir","status":"publish","type":"page","link":"https:\/\/www.nemalici.biz\/?page_id=40","title":{"rendered":"Silica gel Nedir ?"},"content":{"rendered":"<p>Silika jel, laboratuvar ortam\u0131nda \u00fcretilen, g\u00fcnl\u00fck hayatta besinlerin, bitkisel \u00fcr\u00fcnlerin, deri e\u015fyalar\u0131n, kimyasal boya ve bozulabilecek \u00e7o\u011fu \u015feyin nemini alarak bozulmas\u0131n\u0131 engelleyen bir sodyum silikatt\u0131r. Bu madde, 1919 y\u0131l\u0131nda Johns Hopkins \u00dcniversitesi\u2019nde \u00f6\u011fretim \u00fcyeli\u011fi yapan Walter A. Patrick \u00fczerine patentlidir. Madde b\u00fcy\u00fck kumsu yap\u0131dad\u0131r. Madde nemle beraber renk de\u011fi\u015ftirir.<\/p>\n<p><strong>Kullan\u0131m alanlar\u0131<\/strong><\/p>\n<p>Bu madde g\u00fcnl\u00fck hayatta ila\u00e7lar\u0131n yan\u0131na konularak nemini al\u0131r ve b\u00f6ylece bozulmas\u0131n\u0131 engeller, ayn\u0131 zamanda \u00e7o\u011fu bitkisel bazl\u0131 sanayi \u00fcr\u00fcn\u00fc ve g\u0131da bu \u015fekilde korunur. Deri ve canl\u0131 bazl\u0131 e\u015fyalar da bu \u015fekilde \u00e7\u00fcr\u00fcmeye kar\u015f\u0131 korunur. Bu madde konuldu\u011fu ortamdaki nemi \u00e7ekerek renk de\u011fi\u015ftirir. G\u00fcn\u00fcm\u00fczde de\u011fi\u015fik ebatlarda sat\u0131\u015fa sunulmu\u015ftur.<\/p>\n<p><strong>\u00d6zellikleri<\/strong><\/p>\n<p>Silika jel, toksik olmamakla beraber, ayr\u0131ca kimyasal olarak y\u00fcksek enerji a\u00e7\u0131\u011fa \u00e7\u0131karan bir reaksiyona girmez.<\/p>\n","protected":false},"excerpt":{"rendered":"<p>Silika jel, laboratuvar ortam\u0131nda \u00fcretilen, g\u00fcnl\u00fck hayatta besinlerin, bitkisel \u00fcr\u00fcnlerin, deri e\u015fyalar\u0131n, kimyasal boya ve bozulabilecek \u00e7o\u011fu \u015feyin nemini alarak bozulmas\u0131n\u0131 engelleyen bir sodyum silikatt\u0131r. Bu madde, 1919 y\u0131l\u0131nda Johns<a href=\"https:\/\/www.nemalici.biz\/?page_id=40\" class=\"d-block breadmore\">Read More<\/a><\/p>\n","protected":false},"author":1,"featured_media":0,"parent":0,"menu_order":0,"comment_status":"open","ping_status":"open","template":"","meta":{"_monsterinsights_skip_tracking":false,"_monsterinsights_sitenote_active":false,"_monsterinsights_sitenote_note":"","_monsterinsights_sitenote_category":0,"footnotes":""},"class_list":["post-40","page","type-page","status-publish","hentry"],"aioseo_notices":[],"jetpack_sharing_enabled":true,"_links":{"self":[{"href":"https:\/\/www.nemalici.biz\/index.php?rest_route=\/wp\/v2\/pages\/40","targetHints":{"allow":["GET"]}}],"collection":[{"href":"https:\/\/www.nemalici.biz\/index.php?rest_route=\/wp\/v2\/pages"}],"about":[{"href":"https:\/\/www.nemalici.biz\/index.php?rest_route=\/wp\/v2\/types\/page"}],"author":[{"embeddable":true,"href":"https:\/\/www.nemalici.biz\/index.php?rest_route=\/wp\/v2\/users\/1"}],"replies":[{"embeddable":true,"href":"https:\/\/www.nemalici.biz\/index.php?rest_route=%2Fwp%2Fv2%2Fcomments&post=40"}],"version-history":[{"count":2,"href":"https:\/\/www.nemalici.biz\/index.php?rest_route=\/wp\/v2\/pages\/40\/revisions"}],"predecessor-version":[{"id":43,"href":"https:\/\/www.nemalici.biz\/index.php?rest_route=\/wp\/v2\/pages\/40\/revisions\/43"}],"wp:attachment":[{"href":"https:\/\/www.nemalici.biz\/index.php?rest_route=%2Fwp%2Fv2%2Fmedia&parent=40"}],"curies":[{"name":"wp","href":"https:\/\/api.w.org\/{rel}","templated":true}]}}