{"id":251,"date":"2021-05-18T15:20:50","date_gmt":"2021-05-18T12:20:50","guid":{"rendered":"https:\/\/www.nemalici.biz\/?post_type=product&#038;p=251"},"modified":"2025-06-05T15:31:00","modified_gmt":"2025-06-05T12:31:00","slug":"silikajel-nem-alici-05gr","status":"publish","type":"product","link":"https:\/\/www.nemalici.biz\/?product=silikajel-nem-alici-05gr","title":{"rendered":"Silikajel nem al\u0131c\u0131 0,5gr"},"content":{"rendered":"<h1>Silikajel Nem Al\u0131c\u0131 ( Desiccant ) 0,5gr&#8217;l\u0131k<\/h1>\n<h2>Nem Al\u0131c\u0131 Silikajel ( silicagel ) desiccant<br \/>\n\u00d6zel Vakumlu Ambalaj\u0131nda<br \/>\n0,5 \u2013 1 graml\u0131k 1000 Adetlik veya daha fazla Ambalajlarda.<\/h2>\n<ul>\n<li>End\u00fcstriyel hava kurutma sistemleri<\/li>\n<li>Hassas bir\u00e7ok malzemenin g\u00fcvenli ve kuru saklanmas\u0131nda<\/li>\n<li>Rutubet istenmeyen her t\u00fcr ortamda<\/li>\n<li>Trafo<\/li>\n<li>Elektronik \u00dcr\u00fcnlerin korunmas\u0131nda<\/li>\n<li>G\u0131dalar\u0131n korunmas\u0131nda<\/li>\n<li>\u0130la\u00e7lar\u0131n korunmas\u0131nda<\/li>\n<li>Bu \u00fcr\u00fcn Terlik ayakkab\u0131, \u00e7orap, g\u00f6mlek, benzeri tekstik \u00fcr\u00fcnlerin nem ve rutubet<\/li>\n<li>\u00f6nlemedeki \u00e7\u00f6z\u00fcmlerinde kullan\u0131m\u0131 uygundur..<\/li>\n<\/ul>\n","protected":false},"excerpt":{"rendered":"<h1 class=\"product_title entry-title\">Silikajel Nem al\u0131c\u0131 0.5gr\u2019l\u0131k<\/h1>\n<h4 class=\"price\">Nem Al\u0131c\u0131 Silikajel 0,5 gr\u00a0 1000 Adet\u2019lik paketlerde.<\/h4>\n<div class=\"woocommerce-product-details__short-description\">\n<h5><strong>Paket \u00d6l\u00e7\u00fcleri: 3x2cm<\/strong><\/h5>\n<\/div>\n","protected":false},"featured_media":252,"comment_status":"open","ping_status":"closed","template":"","meta":{"_monsterinsights_skip_tracking":false,"_monsterinsights_sitenote_active":false,"_monsterinsights_sitenote_note":"","_monsterinsights_sitenote_category":0},"product_cat":[238],"product_tag":[239,267,240,241,242,243,244,245,246,247,248,249,250,251,252,253,254,255,256,257,258,259,260,261,262,263,264,265,266],"class_list":{"0":"post-251","1":"product","2":"type-product","3":"status-publish","4":"has-post-thumbnail","6":"product_cat-silikajel","7":"product_tag-0-5-gram","8":"product_tag-05-gram","9":"product_tag-05gram","10":"product_tag-5-gr","11":"product_tag-5-gramlik","12":"product_tag-5gramlik","13":"product_tag-desiccant","14":"product_tag-konteynir","15":"product_tag-konteynir-kurutucu","16":"product_tag-mavi-silikajel-nem-alici","17":"product_tag-nem","18":"product_tag-nem-absorber","19":"product_tag-nem-alici","20":"product_tag-nem-alici-silikajel","21":"product_tag-nem-alici-silikajel-ankara","22":"product_tag-nem-alici-silikajel-izmir","23":"product_tag-nem-tutucu","24":"product_tag-rutubet-emici","25":"product_tag-rutubet-onleyici","26":"product_tag-rutubet-tutucu","27":"product_tag-silika-jel","28":"product_tag-silikajel","29":"product_tag-silikajel-nem-alici","30":"product_tag-silikajel-nem-alici-eczanesi","31":"product_tag-tablet-silikajel","32":"product_tag-toz-silikajel","33":"product_tag-trafo-silikajel","34":"product_tag-trafo-silikajeli","35":"product_tag-yarim-gram","37":"first","38":"instock","39":"shipping-taxable","40":"product-type-simple"},"aioseo_notices":[],"jetpack_sharing_enabled":true,"_links":{"self":[{"href":"https:\/\/www.nemalici.biz\/index.php?rest_route=\/wp\/v2\/product\/251","targetHints":{"allow":["GET"]}}],"collection":[{"href":"https:\/\/www.nemalici.biz\/index.php?rest_route=\/wp\/v2\/product"}],"about":[{"href":"https:\/\/www.nemalici.biz\/index.php?rest_route=\/wp\/v2\/types\/product"}],"replies":[{"embeddable":true,"href":"https:\/\/www.nemalici.biz\/index.php?rest_route=%2Fwp%2Fv2%2Fcomments&post=251"}],"wp:featuredmedia":[{"embeddable":true,"href":"https:\/\/www.nemalici.biz\/index.php?rest_route=\/wp\/v2\/media\/252"}],"wp:attachment":[{"href":"https:\/\/www.nemalici.biz\/index.php?rest_route=%2Fwp%2Fv2%2Fmedia&parent=251"}],"wp:term":[{"taxonomy":"product_cat","embeddable":true,"href":"https:\/\/www.nemalici.biz\/index.php?rest_route=%2Fwp%2Fv2%2Fproduct_cat&post=251"},{"taxonomy":"product_tag","embeddable":true,"href":"https:\/\/www.nemalici.biz\/index.php?rest_route=%2Fwp%2Fv2%2Fproduct_tag&post=251"}],"curies":[{"name":"wp","href":"https:\/\/api.w.org\/{rel}","templated":true}]}}