{"id":256,"date":"2021-05-18T15:21:00","date_gmt":"2021-05-18T12:21:00","guid":{"rendered":"https:\/\/www.nemalici.biz\/?post_type=product&#038;p=256"},"modified":"2021-05-18T15:31:08","modified_gmt":"2021-05-18T12:31:08","slug":"silikajel-nem-alici-1gr","status":"publish","type":"product","link":"https:\/\/www.nemalici.biz\/?product=silikajel-nem-alici-1gr","title":{"rendered":"Silikajel nem al\u0131c\u0131 1gr"},"content":{"rendered":"<h1>Silikajel Nem Al\u0131c\u0131 ( Desiccant ) 1gr&#8217;l\u0131k<\/h1>\n<h2>Nem Al\u0131c\u0131 Silikajel ( silicagel ) desiccant<\/h2>\n<h2>\u00d6zel Ambalaj\u0131nda<\/h2>\n<h2>1 gram&#8217;l\u0131k 1000 Adetlik veya daha fazla Ambalajlarda.<\/h2>\n<ul>\n<li>End\u00fcstriyel hava kurutma sistemleri<\/li>\n<li>Hassas bir\u00e7ok malzemenin g\u00fcvenli ve kuru saklanmas\u0131nda<\/li>\n<li>Rutubet istenmeyen her t\u00fcr ortamda<\/li>\n<li>Trafo<\/li>\n<li>Elektronik \u00dcr\u00fcnlerin korunmas\u0131nda<\/li>\n<li>G\u0131dalar\u0131n korunmas\u0131nda<\/li>\n<li>\u0130la\u00e7lar\u0131n korunmas\u0131nda<\/li>\n<li>Bu \u00fcr\u00fcn Terlik ayakkab\u0131, \u00e7orap, g\u00f6mlek, benzeri tekstil \u00fcr\u00fcnlerin nem ve rutubet<\/li>\n<li>\u00f6nlemedeki \u00e7\u00f6z\u00fcmlerinde kullan\u0131m\u0131 uygundur..<\/li>\n<\/ul>\n","protected":false},"excerpt":{"rendered":"<h1 class=\"product_title entry-title\">Silikajel Nem al\u0131c\u0131 1gr\u2019l\u0131k<\/h1>\n<h4 class=\"price\">Nem Al\u0131c\u0131 Silikajel 1 gr\u00a0 1000 Adet\u2019lik paketlerde.<\/h4>\n<div class=\"woocommerce-product-details__short-description\">\n<h5><strong>Paket \u00d6l\u00e7\u00fcleri: 3x2cm<\/strong><\/h5>\n<\/div>\n","protected":false},"featured_media":259,"comment_status":"open","ping_status":"closed","template":"","meta":{"_monsterinsights_skip_tracking":false,"_monsterinsights_sitenote_active":false,"_monsterinsights_sitenote_note":"","_monsterinsights_sitenote_category":0},"product_cat":[238],"product_tag":[269,271,268,270,244,245,246,247,248,249,250,251,252,253,254,255,256,257,258,259,260,261,262,263,264,265],"class_list":{"0":"post-256","1":"product","2":"type-product","3":"status-publish","4":"has-post-thumbnail","6":"product_cat-silikajel","7":"product_tag-1-gr","8":"product_tag-1-grlik","9":"product_tag-1gr","10":"product_tag-1grlik","11":"product_tag-desiccant","12":"product_tag-konteynir","13":"product_tag-konteynir-kurutucu","14":"product_tag-mavi-silikajel-nem-alici","15":"product_tag-nem","16":"product_tag-nem-absorber","17":"product_tag-nem-alici","18":"product_tag-nem-alici-silikajel","19":"product_tag-nem-alici-silikajel-ankara","20":"product_tag-nem-alici-silikajel-izmir","21":"product_tag-nem-tutucu","22":"product_tag-rutubet-emici","23":"product_tag-rutubet-onleyici","24":"product_tag-rutubet-tutucu","25":"product_tag-silika-jel","26":"product_tag-silikajel","27":"product_tag-silikajel-nem-alici","28":"product_tag-silikajel-nem-alici-eczanesi","29":"product_tag-tablet-silikajel","30":"product_tag-toz-silikajel","31":"product_tag-trafo-silikajel","32":"product_tag-trafo-silikajeli","34":"first","35":"instock","36":"shipping-taxable","37":"product-type-simple"},"aioseo_notices":[],"jetpack_sharing_enabled":true,"_links":{"self":[{"href":"https:\/\/www.nemalici.biz\/index.php?rest_route=\/wp\/v2\/product\/256","targetHints":{"allow":["GET"]}}],"collection":[{"href":"https:\/\/www.nemalici.biz\/index.php?rest_route=\/wp\/v2\/product"}],"about":[{"href":"https:\/\/www.nemalici.biz\/index.php?rest_route=\/wp\/v2\/types\/product"}],"replies":[{"embeddable":true,"href":"https:\/\/www.nemalici.biz\/index.php?rest_route=%2Fwp%2Fv2%2Fcomments&post=256"}],"wp:featuredmedia":[{"embeddable":true,"href":"https:\/\/www.nemalici.biz\/index.php?rest_route=\/wp\/v2\/media\/259"}],"wp:attachment":[{"href":"https:\/\/www.nemalici.biz\/index.php?rest_route=%2Fwp%2Fv2%2Fmedia&parent=256"}],"wp:term":[{"taxonomy":"product_cat","embeddable":true,"href":"https:\/\/www.nemalici.biz\/index.php?rest_route=%2Fwp%2Fv2%2Fproduct_cat&post=256"},{"taxonomy":"product_tag","embeddable":true,"href":"https:\/\/www.nemalici.biz\/index.php?rest_route=%2Fwp%2Fv2%2Fproduct_tag&post=256"}],"curies":[{"name":"wp","href":"https:\/\/api.w.org\/{rel}","templated":true}]}}